{"id":544,"date":"2018-07-30T08:57:07","date_gmt":"2018-07-30T08:57:07","guid":{"rendered":"http:\/\/blueforcefleet.com\/?page_id=544"},"modified":"2019-10-28T11:38:04","modified_gmt":"2019-10-28T11:38:04","slug":"trabaja-con-nosotros","status":"publish","type":"page","link":"https:\/\/www.blueforcefleet.com\/es\/trabaja-con-nosotros\/","title":{"rendered":"Trabaja con nosotros"},"content":{"rendered":"<p>Nuestro proyecto es cada d\u00eda m\u00e1s grande, ya sea en tierra o en uno de nuestros barcos, el equipo Blue Force est\u00e1 formado por m\u00e1s de 40 personas. Nuestro foco es la satisfacci\u00f3n de nuestros clientes y por ello seleccionamos a los mejores profesionales, form\u00e1ndolos e integr\u00e1ndolos en una de las flotas que poco a poco va tomando mayor presencia en el mercado mundial de los cruceros de buceo vida a bordo.<\/p>\n<p>Con m\u00e1s de 20 a\u00f1os de experiencia, nuestros barcos y sobre todo, nuestro equipo humano son las claves de nuestro \u00e9xito. Profesionalidad, experiencia, compa\u00f1erismo e interminable ilusi\u00f3n por lograr siempre la satisfacci\u00f3n de los clientes es la f\u00f3rmula magistral que siempre nos ha funcionado y que abalan los miles de clientes que han confiado y siguen confiando en Blue Force.<\/p>\n<p>Blue Force Fleet se consolida como uno de los mejores operadores mundiales de vida a bordo en el segmento Premium y no para de crecer. Si quieres desarrollar tu carrera profesional dentro del mundo del buceo, trabajar en un equipo estructurado, en continua evoluci\u00f3n, con un proyecto de futuro, si te gusta el trabajo bien hecho, no escatimas en esfuerzo e ilusi\u00f3n por hacer las cosas bien hechas y crees en la importancia de los peque\u00f1os detalles, no lo dudes, \u00a1trabaja con nosotros!<\/p>\n<p>Redacta un email presentando tu candidatura, adjunta tu CV y env\u00edalo a <a href=\"mailto:workwithus@blueforcefleet.com\">workwithus@blueforcefleet.com<\/a><\/p>\n","protected":false},"excerpt":{"rendered":"<p>Nuestro proyecto es cada d\u00eda m\u00e1s grande, ya sea en tierra o en uno de nuestros barcos, el equipo Blue Force est\u00e1 formado por m\u00e1s de 40 personas. Nuestro foco es la satisfacci\u00f3n de nuestros clientes y por ello seleccionamos a los mejores profesionales, form\u00e1ndolos e integr\u00e1ndolos en una de las flotas que poco a [&hellip;]<\/p>\n","protected":false},"author":1,"featured_media":0,"parent":0,"menu_order":0,"comment_status":"closed","ping_status":"closed","template":"","meta":{"footnotes":""},"categories":[],"tags":[],"class_list":["post-544","page","type-page","status-publish","hentry"],"acf":[],"_links":{"self":[{"href":"https:\/\/www.blueforcefleet.com\/es\/wp-json\/wp\/v2\/pages\/544","targetHints":{"allow":["GET"]}}],"collection":[{"href":"https:\/\/www.blueforcefleet.com\/es\/wp-json\/wp\/v2\/pages"}],"about":[{"href":"https:\/\/www.blueforcefleet.com\/es\/wp-json\/wp\/v2\/types\/page"}],"author":[{"embeddable":true,"href":"https:\/\/www.blueforcefleet.com\/es\/wp-json\/wp\/v2\/users\/1"}],"replies":[{"embeddable":true,"href":"https:\/\/www.blueforcefleet.com\/es\/wp-json\/wp\/v2\/comments?post=544"}],"version-history":[{"count":3,"href":"https:\/\/www.blueforcefleet.com\/es\/wp-json\/wp\/v2\/pages\/544\/revisions"}],"predecessor-version":[{"id":2256,"href":"https:\/\/www.blueforcefleet.com\/es\/wp-json\/wp\/v2\/pages\/544\/revisions\/2256"}],"wp:attachment":[{"href":"https:\/\/www.blueforcefleet.com\/es\/wp-json\/wp\/v2\/media?parent=544"}],"wp:term":[{"taxonomy":"category","embeddable":true,"href":"https:\/\/www.blueforcefleet.com\/es\/wp-json\/wp\/v2\/categories?post=544"},{"taxonomy":"post_tag","embeddable":true,"href":"https:\/\/www.blueforcefleet.com\/es\/wp-json\/wp\/v2\/tags?post=544"}],"curies":[{"name":"wp","href":"https:\/\/api.w.org\/{rel}","templated":true}]}}