{"id":1415,"date":"2019-01-28T20:37:06","date_gmt":"2019-01-28T20:37:06","guid":{"rendered":"http:\/\/blueforcefleet.com\/?page_id=1415"},"modified":"2019-01-29T09:46:45","modified_gmt":"2019-01-29T09:46:45","slug":"politica-cookies-blueforce","status":"publish","type":"page","link":"https:\/\/www.blueforcefleet.com\/es\/politica-cookies-blueforce\/","title":{"rendered":"Pol\u00edtica de cookies"},"content":{"rendered":"<p><strong>Concepto de Cookies<\/strong><br \/>\nLas cookies constituyen una herramienta empleada por los servidores Web para almacenar y recuperar informaci\u00f3n acerca de sus visitantes o usuarios. No es m\u00e1s que un fichero de texto que algunos servidores instalan durante la navegaci\u00f3n y que permiten conocer informaci\u00f3n como por ejemplo: el lugar desde el que accede, el tiempo de conexi\u00f3n, el dispositivo desde el que accede (fijo o m\u00f3vil), el sistema operativo y navegador utilizados, las p\u00e1ginas m\u00e1s visitadas, el n\u00famero de click realizados y de datos respecto al comportamiento del usuario en Internet. No proporcionan referencias que permitan deducir el nombre y apellidos del usuario y no pueden leer datos de su disco duro ni incluir virus en sus equipos. Asimismo, no puede leer las cookies implantadas en el disco duro del usuario desde otros servidores.<\/p>\n<p><strong>\u00bfPor qu\u00e9 son importantes?<br \/>\n<\/strong>El sitio web es accesible sin necesidad de que las cookies est\u00e9n activadas, si bien, su desactivaci\u00f3n puede impedir su funcionamiento correcto.<\/p>\n<p>Desde un punto de vista t\u00e9cnico las cookies permiten que los sitios web funcionen de forma m\u00e1s \u00e1gil y adaptada a las preferencias de los usuarios, como por ejemplo almacenar el idioma, la moneda del pa\u00eds o detectar el dispositivo de acceso.<\/p>\n<p>Establecen niveles de protecci\u00f3n y seguridad que Impiden o dificultan ciberataques contra el sitio web o sus usuarios.<\/p>\n<p>Permiten que los gestores de los medios puedan conocer datos estad\u00edsticos recopilados para mejorar la calidad y experiencia de sus servicios.<\/p>\n<p>Sirven para optimizar la publicidad que mostramos a los usuarios, ofreciendo la que m\u00e1s se ajusta a sus intereses.<br \/>\nAutorizaci\u00f3n para el uso de cookies<\/p>\n<p>En el sitio web aparece un Aviso de Cookies que el usuario o visitante puede aceptar, consintiendo expresamente al uso de las cookies seg\u00fan se indica a continuaci\u00f3n.<br \/>\nEl usuario puede configurar su navegador para rechazar por defecto todas las cookies o para recibir un aviso en pantalla de la recepci\u00f3n de cada cookie y decidir sobre su instalaci\u00f3n o no en su disco duro.<\/p>\n<p><strong>Configuraci\u00f3n del navegador<\/strong><\/p>\n<p>BLUE FORCE DIVING SL recuerda a sus usuarios que el uso de cookies podr\u00e1 estar sujeto a su aceptaci\u00f3n durante la instalaci\u00f3n o actualizaci\u00f3n del navegador utilizado por \u00e9stos.<br \/>\nEsta aceptaci\u00f3n podr\u00e1 ser revocada mediante las opciones de configuraci\u00f3n de contenidos y privacidad disponibles en el mismo. El Titular recomienda a sus usuarios que consulten la ayuda de su navegador o acceda a las p\u00e1ginas web de ayuda de los principales navegadores: Firefox, Internet Explorer, Safari, Chrome.<\/p>\n<p>Si desea m\u00e1s informaci\u00f3n acerca de c\u00f3mo revocar el consentimiento prestado o sobre el procedimiento para deshabilitar las cookies, as\u00ed como realizar alguna pregunta sobre la Pol\u00edtica de Cookies, puede contactar con el titular a trav\u00e9s de la siguiente direcci\u00f3n de correo electr\u00f3nico info@blueforcefleet.com indicando \u201cPol\u00edtica de Cookies\u201d en el asunto.<\/p>\n<p><strong>Tipos de Cookies que se utilizan en la Web<\/strong><\/p>\n<p>El usuario que navega por la Web puede encontrar cookies insertadas directamente por el titular, o bien cookies insertadas por entidades distintas al titular, seg\u00fan lo detallado en los siguientes apartados:<\/p>\n<ul>\n<li>\u2022 Cookies de sesi\u00f3n, expiran cuando el usuario abandona la p\u00e1gina o cierra el navegador, es decir, est\u00e1n activas mientras dura la visita al sitio web y por tanto son borradas de nuestro ordenador al abandonarlo.<br \/>\n\u2022 Cookies permanentes, expiran cuando se cumple el objetivo para el que sirven o bien cuando se borran manualmente, tienen fecha de borrado y se utilizan normalmente en proceso de compra online, personalizaciones o en el registro, para no tener que introducir una contrase\u00f1a constantemente.<\/li>\n<\/ul>\n<p>Seg\u00fan la entidad que gestiona el equipo o dominio desde donde se env\u00edan las cookies y trata los datos que se obtengan, podemos distinguir entre Cookies propias y de terceros.<\/p>\n<ul>\n<li>\u2022 Cookies propias son aquellas cookies que son enviadas al ordenador del usuario y son gestionadas exclusivamente por nosotros para el mejor funcionamiento del Sitio Web. La informaci\u00f3n que recabamos se emplea para mejorar la calidad de nuestro servicio y tu experiencia como usuario.<\/li>\n<li>\u2022 Cookies de terceros, cuando el usuario interact\u00faa con el contenido de nuestro sitio Web tambi\u00e9n pueden establecerse cookies de terceros (por ejemplo, al pulsar botones de redes sociales o visionar v\u00eddeos alojados en otro sitio web), que son aquellas establecidas por un dominio diferente de nuestro Sitio Web. No podemos acceder a los datos almacenados en las cookies de otros sitios web cuando navegues en los citados sitios web.<\/li>\n<\/ul>\n<p>Navegar por este portal web supone que se puedan instalar los siguientes tipos de Cookies:<\/p>\n<table width=\"100%\" class=\"table table-stripped\">\n<tbody>\n<tr>\n<td width=\"198\"><strong>TIPO DE COOKIE<\/strong><\/td>\n<td width=\"397\"><strong>DESCRIPCION<\/strong><\/td>\n<td width=\"416\"><strong>EJEMPLO DE USO<\/strong><\/td>\n<\/tr>\n<tr>\n<td width=\"198\">\n<h2><\/h2>\n<p>DE RENDIMIENTO<\/td>\n<td width=\"397\">Estas cookies se utilizan para mejorar tu experiencia de navegaci\u00f3n y optimizar el funcionamiento de nuestros sitios web.<\/p>\n<p>Almacenan configuraciones de servicios para que no tengas que reconfigurarlos cada vez que nos visitas.<\/td>\n<td width=\"416\">\n<ul>\n<li>Ajustes de volumen de reproductores de video y sonido.<\/li>\n<li>Velocidades de trasmisi\u00f3n de videos \u00f3ptimas.<\/li>\n<li>Almacena la compra realizada en un \u201ccarrito de la compra\u201d en los servicios E-commerce.<\/li>\n<\/ul>\n<\/td>\n<\/tr>\n<tr>\n<td width=\"198\">DE GEOLOCALIZACION<\/td>\n<td width=\"397\">Estas cookies se utilizan para almacenar datos de geolocalizacion del ordenador o dispositivos para ofrecerte contenidos y servicios m\u00e1s adecuados.<\/td>\n<td width=\"416\">\n<ul>\n<li>\u00a0Contenidos ajustados al pa\u00eds, ciudad, idioma, etc.<\/li>\n<\/ul>\n<\/td>\n<\/tr>\n<tr>\n<td width=\"198\">DE REGISTRO<\/td>\n<td width=\"397\">Las cookies de registro se crean al registrarte o cuando inicias sesi\u00f3n en uno de nuestros portales web.<\/td>\n<td width=\"416\">\n<ul>\n<li>Puedes mantenerte autenticado aunque cierres el navegador, as\u00ed cuando vuelvas seguir\u00e1s identificado a menos que te desconectes o cierres la sesi\u00f3n.<\/li>\n<li>Para acceder a ciertas zonas de nuestros portales web, por ejemplo para participar en un concurso.<\/li>\n<\/ul>\n<\/td>\n<\/tr>\n<tr>\n<td width=\"198\">\u00a0ANALITICAS<\/td>\n<td width=\"397\">Estas cookies recopilan informaci\u00f3n de tu experiencia de navegaci\u00f3n en nuestros portales web de forma totalmente an\u00f3nima<\/td>\n<td width=\"416\">\n<ul>\n<li>Podemos contabilizar el n\u00famero de visitantes<\/li>\n<li>Podemos saber si el usuario repite visita<\/li>\n<li>Esta informaci\u00f3n puede ayudarnos\u00a0 a mejorar la navegaci\u00f3n y mejorar el servicio<\/li>\n<\/ul>\n<\/td>\n<\/tr>\n<tr>\n<td width=\"198\">DE PUBLICIDAD<\/p>\n<h2><\/h2>\n<h2><\/h2>\n<\/td>\n<td width=\"397\">Estas cookies recogen informaci\u00f3n sobre los anuncios mostrados a cada usuario an\u00f3nimo en los portales web<\/td>\n<td width=\"416\">Adaptar la publicidad al tipo de dispositivo desde el que el usuario se est\u00e1 conectando.<\/p>\n<p>Proporcionar anuncios gestionados a trav\u00e9s de terceros que son mostrados en la p\u00e1gina en tiempo real<\/td>\n<\/tr>\n<\/tbody>\n<\/table>\n","protected":false},"excerpt":{"rendered":"<p>Concepto de Cookies Las cookies constituyen una herramienta empleada por los servidores Web para almacenar y recuperar informaci\u00f3n acerca de sus visitantes o usuarios. No es m\u00e1s que un fichero de texto que algunos servidores instalan durante la navegaci\u00f3n y que permiten conocer informaci\u00f3n como por ejemplo: el lugar desde el que accede, el tiempo [&hellip;]<\/p>\n","protected":false},"author":1,"featured_media":0,"parent":0,"menu_order":0,"comment_status":"closed","ping_status":"closed","template":"","meta":{"footnotes":""},"categories":[],"tags":[],"class_list":["post-1415","page","type-page","status-publish","hentry"],"acf":[],"_links":{"self":[{"href":"https:\/\/www.blueforcefleet.com\/es\/wp-json\/wp\/v2\/pages\/1415","targetHints":{"allow":["GET"]}}],"collection":[{"href":"https:\/\/www.blueforcefleet.com\/es\/wp-json\/wp\/v2\/pages"}],"about":[{"href":"https:\/\/www.blueforcefleet.com\/es\/wp-json\/wp\/v2\/types\/page"}],"author":[{"embeddable":true,"href":"https:\/\/www.blueforcefleet.com\/es\/wp-json\/wp\/v2\/users\/1"}],"replies":[{"embeddable":true,"href":"https:\/\/www.blueforcefleet.com\/es\/wp-json\/wp\/v2\/comments?post=1415"}],"version-history":[{"count":9,"href":"https:\/\/www.blueforcefleet.com\/es\/wp-json\/wp\/v2\/pages\/1415\/revisions"}],"predecessor-version":[{"id":1481,"href":"https:\/\/www.blueforcefleet.com\/es\/wp-json\/wp\/v2\/pages\/1415\/revisions\/1481"}],"wp:attachment":[{"href":"https:\/\/www.blueforcefleet.com\/es\/wp-json\/wp\/v2\/media?parent=1415"}],"wp:term":[{"taxonomy":"category","embeddable":true,"href":"https:\/\/www.blueforcefleet.com\/es\/wp-json\/wp\/v2\/categories?post=1415"},{"taxonomy":"post_tag","embeddable":true,"href":"https:\/\/www.blueforcefleet.com\/es\/wp-json\/wp\/v2\/tags?post=1415"}],"curies":[{"name":"wp","href":"https:\/\/api.w.org\/{rel}","templated":true}]}}