{"id":11450,"date":"2022-04-25T10:48:21","date_gmt":"2022-04-25T10:48:21","guid":{"rendered":"https:\/\/www.blueforcefleet.com\/?page_id=11450"},"modified":"2022-05-04T15:40:41","modified_gmt":"2022-05-04T15:40:41","slug":"buceo-seguros","status":"publish","type":"page","link":"https:\/\/www.blueforcefleet.com\/es\/buceo-seguros\/","title":{"rendered":"Seguros"},"content":{"rendered":"\t\t<div data-elementor-type=\"wp-page\" data-elementor-id=\"11450\" class=\"elementor elementor-11450 elementor-11394\" data-elementor-post-type=\"page\">\n\t\t\t\t\t\t<section class=\"elementor-section elementor-top-section elementor-element elementor-element-dd8788c elementor-section-boxed elementor-section-height-default elementor-section-height-default\" data-id=\"dd8788c\" data-element_type=\"section\" data-e-type=\"section\">\n\t\t\t\t\t\t<div class=\"elementor-container elementor-column-gap-default\">\n\t\t\t\t\t<div class=\"elementor-column elementor-col-100 elementor-top-column elementor-element elementor-element-3afa9ad\" data-id=\"3afa9ad\" data-element_type=\"column\" data-e-type=\"column\">\n\t\t\t<div class=\"elementor-widget-wrap elementor-element-populated\">\n\t\t\t\t\t\t<div class=\"elementor-element elementor-element-30ac08f elementor-widget elementor-widget-text-editor\" data-id=\"30ac08f\" data-element_type=\"widget\" data-e-type=\"widget\" data-widget_type=\"text-editor.default\">\n\t\t\t\t<div class=\"elementor-widget-container\">\n\t\t\t\t\t\t\t\t\t<p>En Blue Force Fleet la seguridad de nuestros clientes es lo m\u00e1s importante. Para ello hemos contratado para nuestros clientes una p\u00f3liza de seguros con una amplia cobertura en todos los servicios que hayan sido contratados con Blue Force. Desde antes de comenzar tu viaje (seguro de cancelaci\u00f3n\u2026), durante el mismo (retrasos en los vuelos, perdida de conexiones, perdidas y retrasos del equipaje\u2026), como durante el buceo (asistencia m\u00e9dica, c\u00e1mara hiperb\u00e1rica, repatriaci\u00f3n\u2026).<\/p><h4>Consulta las condiciones en los siguientes enlaces:<\/h4><ul><li><a href=\"https:\/\/www.blueforcefleet.com\/wp-content\/uploads\/Documentos\/BASIC-INSURANCE-FOR-TRAVEL.pdf\" target=\"_blank\" rel=\"noopener noreferrer\">RESUMEN COBERTURAS SEGURO INCLUSI\u00d3N<\/a><\/li><li><a href=\"https:\/\/blueforcefleet.com\/condiciones-generales\/\">CONDICIONES GENERALES<\/a><\/li><\/ul><h4><\/h4><h4>AMPLIACI\u00d3N OPCIONAL SEGURO DE CANCELACI\u00d3N<\/h4><p>Opcionalmente, es posible aumentar el importe del seguro de cancelaci\u00f3n. Cons\u00faltanos al contratar el viaje.<\/p><h4>SEGURO DE BUCEO DAN<\/h4><p>Si quieres ampliar las coberturas del seguro de buceo, no importa qu\u00e9 tipo de buceador seas, te tenemos cubierto, con nuestros planes de seguro anuales hechos a medida, v\u00e1lidos en todo el mundo, puedes hacerlo haciendo click en el banner:<\/p>\t\t\t\t\t\t\t\t<\/div>\n\t\t\t\t<\/div>\n\t\t\t\t<div class=\"elementor-element elementor-element-0a06f11 elementor-widget elementor-widget-spacer\" data-id=\"0a06f11\" data-element_type=\"widget\" data-e-type=\"widget\" data-widget_type=\"spacer.default\">\n\t\t\t\t<div class=\"elementor-widget-container\">\n\t\t\t\t\t\t\t<div class=\"elementor-spacer\">\n\t\t\t<div class=\"elementor-spacer-inner\"><\/div>\n\t\t<\/div>\n\t\t\t\t\t\t<\/div>\n\t\t\t\t<\/div>\n\t\t\t\t\t<\/div>\n\t\t<\/div>\n\t\t\t\t\t<\/div>\n\t\t<\/section>\n\t\t\t\t<section class=\"elementor-section elementor-top-section elementor-element elementor-element-658601b elementor-section-boxed elementor-section-height-default elementor-section-height-default\" data-id=\"658601b\" data-element_type=\"section\" data-e-type=\"section\">\n\t\t\t\t\t\t<div class=\"elementor-container elementor-column-gap-default\">\n\t\t\t\t\t<div class=\"elementor-column elementor-col-100 elementor-top-column elementor-element elementor-element-5718681\" data-id=\"5718681\" data-element_type=\"column\" data-e-type=\"column\">\n\t\t\t<div class=\"elementor-widget-wrap elementor-element-populated\">\n\t\t\t\t\t\t<div class=\"elementor-element elementor-element-793e0d3 elementor-widget elementor-widget-image\" data-id=\"793e0d3\" data-element_type=\"widget\" data-e-type=\"widget\" data-widget_type=\"image.default\">\n\t\t\t\t<div class=\"elementor-widget-container\">\n\t\t\t\t\t\t\t\t\t\t\t\t\t\t\t\t<a href=\"https:\/\/www.daneurope.org\/en\/buy-dive-insurance#!\/partnerCode=762630\" target=\"_blank\" rel=\"noopener\">\n\t\t\t\t\t\t\t<img decoding=\"async\" src=\"https:\/\/mydan.daneurope.org\/documents\/20181\/15073043\/DanPartner.png\/c796fcc5-87b5-43de-83ae-b011f921b85a?t=1622033526770\" title=\"\" alt=\"\" loading=\"lazy\" \/>\t\t\t\t\t\t\t\t<\/a>\n\t\t\t\t\t\t\t\t\t\t\t\t\t\t\t<\/div>\n\t\t\t\t<\/div>\n\t\t\t\t<div class=\"elementor-element elementor-element-7cb25a9 elementor-widget elementor-widget-spacer\" data-id=\"7cb25a9\" data-element_type=\"widget\" data-e-type=\"widget\" data-widget_type=\"spacer.default\">\n\t\t\t\t<div class=\"elementor-widget-container\">\n\t\t\t\t\t\t\t<div class=\"elementor-spacer\">\n\t\t\t<div class=\"elementor-spacer-inner\"><\/div>\n\t\t<\/div>\n\t\t\t\t\t\t<\/div>\n\t\t\t\t<\/div>\n\t\t\t\t\t<\/div>\n\t\t<\/div>\n\t\t\t\t\t<\/div>\n\t\t<\/section>\n\t\t\t\t<\/div>\n\t\t","protected":false},"excerpt":{"rendered":"<p>En Blue Force Fleet la seguridad de nuestros clientes es lo m\u00e1s importante. Para ello hemos contratado para nuestros clientes una p\u00f3liza de seguros con una amplia cobertura en todos los servicios que hayan sido contratados con Blue Force. Desde antes de comenzar tu viaje (seguro de cancelaci\u00f3n\u2026), durante el mismo (retrasos en los vuelos, [&hellip;]<\/p>\n","protected":false},"author":1,"featured_media":0,"parent":0,"menu_order":0,"comment_status":"closed","ping_status":"closed","template":"","meta":{"footnotes":""},"categories":[],"tags":[],"class_list":["post-11450","page","type-page","status-publish","hentry"],"acf":[],"_links":{"self":[{"href":"https:\/\/www.blueforcefleet.com\/es\/wp-json\/wp\/v2\/pages\/11450","targetHints":{"allow":["GET"]}}],"collection":[{"href":"https:\/\/www.blueforcefleet.com\/es\/wp-json\/wp\/v2\/pages"}],"about":[{"href":"https:\/\/www.blueforcefleet.com\/es\/wp-json\/wp\/v2\/types\/page"}],"author":[{"embeddable":true,"href":"https:\/\/www.blueforcefleet.com\/es\/wp-json\/wp\/v2\/users\/1"}],"replies":[{"embeddable":true,"href":"https:\/\/www.blueforcefleet.com\/es\/wp-json\/wp\/v2\/comments?post=11450"}],"version-history":[{"count":7,"href":"https:\/\/www.blueforcefleet.com\/es\/wp-json\/wp\/v2\/pages\/11450\/revisions"}],"predecessor-version":[{"id":11605,"href":"https:\/\/www.blueforcefleet.com\/es\/wp-json\/wp\/v2\/pages\/11450\/revisions\/11605"}],"wp:attachment":[{"href":"https:\/\/www.blueforcefleet.com\/es\/wp-json\/wp\/v2\/media?parent=11450"}],"wp:term":[{"taxonomy":"category","embeddable":true,"href":"https:\/\/www.blueforcefleet.com\/es\/wp-json\/wp\/v2\/categories?post=11450"},{"taxonomy":"post_tag","embeddable":true,"href":"https:\/\/www.blueforcefleet.com\/es\/wp-json\/wp\/v2\/tags?post=11450"}],"curies":[{"name":"wp","href":"https:\/\/api.w.org\/{rel}","templated":true}]}}